{"id":10772,"date":"2025-04-09T08:10:23","date_gmt":"2025-04-09T08:10:23","guid":{"rendered":"https:\/\/ontoretail.com\/?page_id=10772"},"modified":"2025-05-30T11:36:16","modified_gmt":"2025-05-30T11:36:16","slug":"iletisim","status":"publish","type":"page","link":"https:\/\/ontoretail.com\/tr\/contact\/","title":{"rendered":"\u0130leti\u015fim"},"content":{"rendered":"<div data-elementor-type=\"wp-page\" data-elementor-id=\"10772\" class=\"elementor elementor-10772\" data-elementor-post-type=\"page\">\n\t\t\t\t        <section class=\"elementor-section elementor-top-section elementor-element elementor-element-c0e21ed elementor-section-boxed elementor-section-height-default elementor-section-height-default pxl-section-line-left-no pxl-section-line-right-no pxl-section-static-pos-no pxl-section-overflow-hidden-no\" data-id=\"c0e21ed\" data-element_type=\"section\" data-e-type=\"section\" data-settings=\"{&quot;background_background&quot;:&quot;classic&quot;}\">\n\n                \n                <div class=\"elementor-container elementor-column-gap-default\">\n                <div class=\"elementor-column elementor-col-50 elementor-top-column elementor-element elementor-element-4d02c92 pxl-column-element-default pxl-column-overflow-hidden-no\" data-id=\"4d02c92\" data-element_type=\"column\" data-e-type=\"column\">\r\n        <div class=\"elementor-widget-wrap elementor-element-populated\">\r\n                     \r\n        \t\t<div class=\"elementor-element elementor-element-3485777 elementor-hidden-desktop pxl-wg-bd-anm-no elementor-widget elementor-widget-pxl_heading\" data-id=\"3485777\" data-element_type=\"widget\" data-e-type=\"widget\" data-widget_type=\"pxl_heading.default\">\n\t\t\t\t<div class=\"elementor-widget-container\">\n\t\t\t\t\t<div class=\"pxl-heading-wrap d-flex\">\n    <div class=\"pxl-heading-inner\">\n                    <div class=\"heading-subtitle pxl-split-text split-in-right\">\n                <span>LET'S TALK<\/span>\n            <\/div>\n                <span class=\"heading-title pxl-split-text split-in-right\">\n            <h1 style=\"font-size:30px;font-family: 'FUTURA'\">\u0130leti\u015fim<\/h1><br \/>\n        <\/span>\n            <\/div>\n<\/div>\n\n\t\t\t\t<\/div>\n\t\t\t\t<\/div>\n\t\t\t\t<div class=\"elementor-element elementor-element-bd54b96 elementor-widget-mobile__width-inherit elementor-hidden-mobile pxl-wg-bd-anm-no elementor-widget elementor-widget-image\" data-id=\"bd54b96\" data-element_type=\"widget\" data-e-type=\"widget\" data-widget_type=\"image.default\">\n\t\t\t\t<div class=\"elementor-widget-container\">\n\t\t\t\t\t\t\t\t\t\t\t\t\t\t\t<img fetchpriority=\"high\" decoding=\"async\" width=\"750\" height=\"700\" src=\"https:\/\/ontoretail.com\/wp-content\/uploads\/Contact_650X700_11zon.webp\" class=\"attachment-full size-full wp-image-12319\" alt=\"\u0130leti\u015fim\" srcset=\"https:\/\/ontoretail.com\/wp-content\/uploads\/Contact_650X700_11zon.webp 750w, https:\/\/ontoretail.com\/wp-content\/uploads\/Contact_650X700_11zon-13x12.webp 13w\" sizes=\"(max-width: 750px) 100vw, 750px\" \/>\t\t\t\t\t\t\t\t\t\t\t\t\t\t\t<\/div>\n\t\t\t\t<\/div>\n\t\t\t\t<div class=\"elementor-element elementor-element-b8f0c1b elementor-widget__width-auto elementor-absolute fade-in-out-custom elementor-widget-mobile__width-inherit pxl-wg-bd-anm-no elementor-widget elementor-widget-image\" data-id=\"b8f0c1b\" data-element_type=\"widget\" data-e-type=\"widget\" data-settings=\"{&quot;_position&quot;:&quot;absolute&quot;}\" data-widget_type=\"image.default\">\n\t\t\t\t<div class=\"elementor-widget-container\">\n\t\t\t\t\t\t\t\t\t\t\t\t\t\t\t<img decoding=\"async\" width=\"43\" height=\"43\" src=\"https:\/\/ontoretail.com\/wp-content\/uploads\/kare-01.png\" class=\"attachment-full size-full wp-image-11523\" alt=\"kare-01\" srcset=\"https:\/\/ontoretail.com\/wp-content\/uploads\/kare-01.png 43w, https:\/\/ontoretail.com\/wp-content\/uploads\/kare-01-12x12.png 12w\" sizes=\"(max-width: 43px) 100vw, 43px\" \/>\t\t\t\t\t\t\t\t\t\t\t\t\t\t\t<\/div>\n\t\t\t\t<\/div>\n\t\t\t\t<div class=\"elementor-element elementor-element-47fe4a4 elementor-widget__width-inherit elementor-absolute fade-out-in-custom elementor-widget-mobile__width-inherit pxl-wg-bd-anm-no elementor-widget elementor-widget-image\" data-id=\"47fe4a4\" data-element_type=\"widget\" data-e-type=\"widget\" data-settings=\"{&quot;_position&quot;:&quot;absolute&quot;}\" data-widget_type=\"image.default\">\n\t\t\t\t<div class=\"elementor-widget-container\">\n\t\t\t\t\t\t\t\t\t\t\t\t\t\t\t<img decoding=\"async\" width=\"25\" height=\"25\" src=\"https:\/\/ontoretail.com\/wp-content\/uploads\/kare-02.png\" class=\"attachment-full size-full wp-image-11524\" alt=\"kare-02\" srcset=\"https:\/\/ontoretail.com\/wp-content\/uploads\/kare-02.png 25w, https:\/\/ontoretail.com\/wp-content\/uploads\/kare-02-12x12.png 12w\" sizes=\"(max-width: 25px) 100vw, 25px\" \/>\t\t\t\t\t\t\t\t\t\t\t\t\t\t\t<\/div>\n\t\t\t\t<\/div>\n\t\t            <\/div>\r\n        <\/div>\r\n                <div class=\"elementor-column elementor-col-50 elementor-top-column elementor-element elementor-element-283aff8 pxl-column-element-default pxl-column-overflow-hidden-no pxl-border-column-anm\" data-id=\"283aff8\" data-element_type=\"column\" data-e-type=\"column\">\r\n        <div class=\"elementor-widget-wrap elementor-element-populated\">\r\n            <div class=\"pxl-border-animated num-1\">\r\n            <div class=\"pxl-border-anm bt w-100  bw-no bw-mobile_extra-no\" style=\"--bd-width: 0px 0 0 0; border-style: solid; border-color: #E6E6E6;\"><\/div>\r\n            <div class=\"pxl-border-anm br h-100  bw-no bw-mobile_extra-no\" style=\"--bd-width: 0 0px 0 0; border-style: solid; border-color: #E6E6E6;\"><\/div>\r\n            <div class=\"pxl-border-anm bb w-100  bw-no bw-mobile_extra-no\" style=\"--bd-width: 0 0 0px 0; border-style: solid; border-color: #E6E6E6;\"><\/div>\r\n            <div class=\"pxl-border-anm bl h-100  bw-yes bw-mobile_extra-no\" style=\"--bd-width: 0 0 0 1px; border-style: solid; border-color: #E6E6E6;\"><\/div>\r\n            <\/div>         \r\n        \t\t<div class=\"elementor-element elementor-element-ade4633 elementor-widget-mobile__width-inherit elementor-hidden-desktop pxl-wg-bd-anm-no elementor-widget elementor-widget-image\" data-id=\"ade4633\" data-element_type=\"widget\" data-e-type=\"widget\" data-widget_type=\"image.default\">\n\t\t\t\t<div class=\"elementor-widget-container\">\n\t\t\t\t\t\t\t\t\t\t\t\t\t\t\t<img fetchpriority=\"high\" decoding=\"async\" width=\"750\" height=\"700\" src=\"https:\/\/ontoretail.com\/wp-content\/uploads\/Contact_650X700_11zon.webp\" class=\"attachment-full size-full wp-image-12319\" alt=\"\u0130leti\u015fim\" srcset=\"https:\/\/ontoretail.com\/wp-content\/uploads\/Contact_650X700_11zon.webp 750w, https:\/\/ontoretail.com\/wp-content\/uploads\/Contact_650X700_11zon-13x12.webp 13w\" sizes=\"(max-width: 750px) 100vw, 750px\" \/>\t\t\t\t\t\t\t\t\t\t\t\t\t\t\t<\/div>\n\t\t\t\t<\/div>\n\t\t\t\t<div class=\"elementor-element elementor-element-8acd29d elementor-hidden-mobile pxl-wg-bd-anm-no elementor-widget elementor-widget-pxl_heading\" data-id=\"8acd29d\" data-element_type=\"widget\" data-e-type=\"widget\" data-widget_type=\"pxl_heading.default\">\n\t\t\t\t<div class=\"elementor-widget-container\">\n\t\t\t\t\t<div class=\"pxl-heading-wrap d-flex\">\n    <div class=\"pxl-heading-inner\">\n                    <div class=\"heading-subtitle pxl-split-text split-in-right\">\n                <span>Bize Ula\u015f\u0131n<\/span>\n            <\/div>\n                <span class=\"heading-title pxl-split-text split-in-right\">\n            <h1 style=\"font-size:30px;font-family:'FUTURA';color:#034852\">\u0130leti\u015fim<\/h1>        <\/span>\n            <\/div>\n<\/div>\n\n\t\t\t\t<\/div>\n\t\t\t\t<\/div>\n\t\t\t\t<div class=\"elementor-element elementor-element-d6d5600 elementor-widget-divider--view-line pxl-wg-bd-anm-no elementor-widget elementor-widget-divider\" data-id=\"d6d5600\" data-element_type=\"widget\" data-e-type=\"widget\" data-widget_type=\"divider.default\">\n\t\t\t\t<div class=\"elementor-widget-container\">\n\t\t\t\t\t\t\t<div class=\"elementor-divider\">\n\t\t\t<span class=\"elementor-divider-separator\">\n\t\t\t\t\t\t<\/span>\n\t\t<\/div>\n\t\t\t\t\t\t<\/div>\n\t\t\t\t<\/div>\n\t\t\t\t<div class=\"elementor-element elementor-element-71dd91f pxl-contact-info-layout-1 pxl-wg-bd-anm-no elementor-widget elementor-widget-pxl_contact_info\" data-id=\"71dd91f\" data-element_type=\"widget\" data-e-type=\"widget\" data-widget_type=\"pxl_contact_info.default\">\n\t\t\t\t<div class=\"elementor-widget-container\">\n\t\t\t\t\t<div class=\"pxl-ci-wrap layout-1 relative  show-popup\">\r\n\t<div class=\"ci-content-wrap\">\r\n\t\t<div class=\"ci-content\">\r\n\t\t\t\t\t\t\t<h4 class=\"ci-title\">E-posta<\/h4> \r\n\t\t\t\t\t\t\t\t\t\t<div class=\"ci-desc\"><a href=\"mailto:sales@ontoretail.com\">sales@ontoretail.com<\/a><\/div> \r\n\t\t\t\t\t<\/div>\r\n\t<\/div>\r\n\t<\/div>\t\t\t\t<\/div>\n\t\t\t\t<\/div>\n\t\t\t\t<div class=\"elementor-element elementor-element-030238b elementor-widget-divider--view-line pxl-wg-bd-anm-no elementor-widget elementor-widget-divider\" data-id=\"030238b\" data-element_type=\"widget\" data-e-type=\"widget\" data-widget_type=\"divider.default\">\n\t\t\t\t<div class=\"elementor-widget-container\">\n\t\t\t\t\t\t\t<div class=\"elementor-divider\">\n\t\t\t<span class=\"elementor-divider-separator\">\n\t\t\t\t\t\t<\/span>\n\t\t<\/div>\n\t\t\t\t\t\t<\/div>\n\t\t\t\t<\/div>\n\t\t\t\t<div class=\"elementor-element elementor-element-8751320 pxl-contact-info-layout-1 pxl-wg-bd-anm-no elementor-widget elementor-widget-pxl_contact_info\" data-id=\"8751320\" data-element_type=\"widget\" data-e-type=\"widget\" data-widget_type=\"pxl_contact_info.default\">\n\t\t\t\t<div class=\"elementor-widget-container\">\n\t\t\t\t\t<div class=\"pxl-ci-wrap layout-1 relative\">\r\n\t<div class=\"ci-content-wrap\">\r\n\t\t<div class=\"ci-content\">\r\n\t\t\t\t\t\t\t<h4 class=\"ci-title\">Telefon Numaralar\u0131<\/h4> \r\n\t\t\t\t\t\t\t\t\t\t<div class=\"ci-desc\"><strong>Bursa:<\/strong> <a href=\"tel:+90 (224) 280 00 00\">+90 (224) 280 00 00<\/a><br \/>\n<strong>\u0130stanbul:<\/strong> <a href=\"tel:+90 (216) 575 44 77\">+90 (216) 575 44 77<\/a><\/div> \r\n\t\t\t\t\t<\/div>\r\n\t<\/div>\r\n\t<\/div>\t\t\t\t<\/div>\n\t\t\t\t<\/div>\n\t\t\t\t<div class=\"elementor-element elementor-element-6f09de3 elementor-widget-divider--view-line pxl-wg-bd-anm-no elementor-widget elementor-widget-divider\" data-id=\"6f09de3\" data-element_type=\"widget\" data-e-type=\"widget\" data-widget_type=\"divider.default\">\n\t\t\t\t<div class=\"elementor-widget-container\">\n\t\t\t\t\t\t\t<div class=\"elementor-divider\">\n\t\t\t<span class=\"elementor-divider-separator\">\n\t\t\t\t\t\t<\/span>\n\t\t<\/div>\n\t\t\t\t\t\t<\/div>\n\t\t\t\t<\/div>\n\t\t\t\t<div class=\"elementor-element elementor-element-014c95d pxl-contact-info-layout-1 pxl-wg-bd-anm-no elementor-widget elementor-widget-pxl_contact_info\" data-id=\"014c95d\" data-element_type=\"widget\" data-e-type=\"widget\" data-widget_type=\"pxl_contact_info.default\">\n\t\t\t\t<div class=\"elementor-widget-container\">\n\t\t\t\t\t<div class=\"pxl-ci-wrap layout-1 relative\">\r\n\t<div class=\"ci-content-wrap\">\r\n\t\t<div class=\"ci-content\">\r\n\t\t\t\t\t\t\t<h4 class=\"ci-title\">Adresler<\/h4> \r\n\t\t\t\t\t\t\t\t\t\t<div class=\"ci-desc\"><p><strong>Bursa Merkez:<\/strong> I\u015f\u0131ktepe Organize Sanayi B\u00f6lgesi, Kahverengi Sokak No:16, Nil\u00fcfer, Bursa, T\u00fcrkiye<br \/>\n<p><strong> \u0130stanbul Ofis:<\/strong> Karaman \u00c7iftli\u011fi Yolu Caddesi, No:47 Kat:10, Kar Plaza, Ata\u015fehir, \u0130stanbul, T\u00fcrkiye<\/div> \r\n\t\t\t\t\t<\/div>\r\n\t<\/div>\r\n\t<\/div>\t\t\t\t<\/div>\n\t\t\t\t<\/div>\n\t\t\t\t<div class=\"elementor-element elementor-element-c25ffb5 elementor-widget-divider--view-line pxl-wg-bd-anm-no elementor-widget elementor-widget-divider\" data-id=\"c25ffb5\" data-element_type=\"widget\" data-e-type=\"widget\" data-widget_type=\"divider.default\">\n\t\t\t\t<div class=\"elementor-widget-container\">\n\t\t\t\t\t\t\t<div class=\"elementor-divider\">\n\t\t\t<span class=\"elementor-divider-separator\">\n\t\t\t\t\t\t<\/span>\n\t\t<\/div>\n\t\t\t\t\t\t<\/div>\n\t\t\t\t<\/div>\n\t\t\t\t<div class=\"elementor-element elementor-element-ac48f6d pxl-contact-info-layout-1 pxl-wg-bd-anm-no elementor-widget elementor-widget-pxl_contact_info\" data-id=\"ac48f6d\" data-element_type=\"widget\" data-e-type=\"widget\" data-widget_type=\"pxl_contact_info.default\">\n\t\t\t\t<div class=\"elementor-widget-container\">\n\t\t\t\t\t<div class=\"pxl-ci-wrap layout-1 relative\">\r\n\t<div class=\"ci-content-wrap\">\r\n\t\t<div class=\"ci-content\">\r\n\t\t\t\t\t\t\t<h4 class=\"ci-title\">Hadi Konu\u015fal\u0131m<\/h4> \r\n\t\t\t\t\t\t\t\t\t\t<div class=\"ci-desc\">Bizimle \u00e7al\u0131\u015fmak ve projelerinizi g\u00f6r\u00fc\u015fmek i\u00e7in <br>ileti\u015fime ge\u00e7ebilirsiniz.<\/div> \r\n\t\t\t\t\t<\/div>\r\n\t<\/div>\r\n\t<\/div>\t\t\t\t<\/div>\n\t\t\t\t<\/div>\n\t\t\t\t<div class=\"elementor-element elementor-element-e6b4bb5 elementor-widget__width-auto elementor-widget-mobile__width-inherit pxl-wg-bd-anm-no elementor-invisible pxl-elementor-animate elementor-widget elementor-widget-pxl_button\" data-id=\"e6b4bb5\" data-element_type=\"widget\" data-e-type=\"widget\" data-settings=\"{&quot;_animation&quot;:&quot;fadeInUp&quot;}\" data-no-translation=\"\" data-widget_type=\"pxl_button.default\">\n\t\t\t\t<div class=\"elementor-widget-container\">\n\t\t\t\t\t<div id=\"pxl_button-e6b4bb5-5704\" class=\"pxl-button-wrapper d-flex-wrap pxl-button-layout1\" >\r\n            <a href=\"https:\/\/ontoretail.com\/onto-iletisim-formu\/\" class=\"pxl-btn outline-under draw icon-ps-right\">\r\n             \r\n                <span class=\"draw-top-right\"><\/span>\r\n                <span class=\"draw-bottom-left\"><\/span>\r\n                                    <span class=\"pxl-button-text\">\u0130LET\u0130\u015e\u0130M FORMU<\/span>\r\n                    <\/a>\r\n    <\/div>\t\t\t\t<\/div>\n\t\t\t\t<\/div>\n\t\t            <\/div>\r\n        <\/div>\r\n        \t\t\t<\/div>\n\t\t<\/section>\n\t\t        <section class=\"elementor-section elementor-top-section elementor-element elementor-element-2982cd7 pxl-section-overflow-hidden-yes elementor-section-boxed elementor-section-height-default elementor-section-height-default pxl-section-line-left-no pxl-section-line-right-no pxl-section-static-pos-no\" data-id=\"2982cd7\" data-element_type=\"section\" data-e-type=\"section\">\n\n        <div class=\"pxl-section-bg-parallax\" data-parallax=\"{&quot;y&quot;:-100}\"><\/div>        \n                <div class=\"elementor-container elementor-column-gap-default\">\n                <div class=\"elementor-column elementor-col-100 elementor-top-column elementor-element elementor-element-2af4493 pxl-column-element-default pxl-column-overflow-hidden-no\" data-id=\"2af4493\" data-element_type=\"column\" data-e-type=\"column\">\r\n        <div class=\"elementor-widget-wrap elementor-element-populated\">\r\n                     \r\n        \t\t<div class=\"elementor-element elementor-element-59cd7ab pxl-wg-bd-anm-no elementor-widget elementor-widget-pxl_heading\" data-id=\"59cd7ab\" data-element_type=\"widget\" data-e-type=\"widget\" data-widget_type=\"pxl_heading.default\">\n\t\t\t\t<div class=\"elementor-widget-container\">\n\t\t\t\t\t<div class=\"pxl-heading-wrap d-flex\">\n    <div class=\"pxl-heading-inner center\">\n                <h2 class=\"heading-title pxl-split-text split-in-up\">\n            Ma\u011faza deneyiminizi geli\u015ftirmek mi istiyorsunuz?<br><span class=\"text-primary\">Gelin bunu birlikte yapal\u0131m.<\/span><br \/>\n        <\/h2>\n            <\/div>\n<\/div>\n\n\t\t\t\t<\/div>\n\t\t\t\t<\/div>\n\t\t\t\t<div class=\"elementor-element elementor-element-7b245e7 pxl-wg-bd-anm-no elementor-widget elementor-widget-pxl_title_effect\" data-id=\"7b245e7\" data-element_type=\"widget\" data-e-type=\"widget\" data-widget_type=\"pxl_title_effect.default\">\n\t\t\t\t<div class=\"elementor-widget-container\">\n\t\t\t\t\t\t<div class=\"pxl-title-effect scroll-parallax pxl-type-color\">\n\t\t<div class=\"pxl-title-inner-wrap\">\n\t\t\t<div class=\"pxl-title-inner\">\n\t\t\t\t<div class=\"pxl-item-title\" data-parallax=\"{&quot;x&quot;:500}\" data-center=\"true\">Bize Ula\u015f\u0131n<\/div>\n\t\t\t\t\t\t\t<\/div>\n\t\t<\/div>\n\t<\/div> \n\t\t\t\t<\/div>\n\t\t\t\t<\/div>\n\t\t            <\/div>\r\n        <\/div>\r\n        \t\t\t<\/div>\n\t\t<\/section>\n\t\t\t\t<\/div>","protected":false},"excerpt":{"rendered":"<p>LET&#8217;S TALK Contact Let&#8217;s Talk Contact E-mail sales@ontoretail.com Phone Numbers Bursa: +90 (224) 280 00 00 \u0130stanbul: +90 (216) 575 44 77 Addresses Bursa Headquarters: I\u015f\u0131ktepe Organized Industrial Zone, Kahverengi Street No:16, Nil\u00fcfer, Bursa, T\u00fcrkiye \u0130stanbul Office: Karaman \u00c7iftli\u011fi Yolu Street, No:47 Floor:10, Kar Plaza, Ata\u015fehir, \u0130stanbul, T\u00fcrkiye Send us mail To discuss us about [&hellip;]<\/p>\n","protected":false},"author":1,"featured_media":0,"parent":0,"menu_order":0,"comment_status":"closed","ping_status":"closed","template":"elementor_theme","meta":{"footnotes":""},"class_list":["post-10772","page","type-page","status-publish","hentry"],"_links":{"self":[{"href":"https:\/\/ontoretail.com\/tr\/wp-json\/wp\/v2\/pages\/10772","targetHints":{"allow":["GET"]}}],"collection":[{"href":"https:\/\/ontoretail.com\/tr\/wp-json\/wp\/v2\/pages"}],"about":[{"href":"https:\/\/ontoretail.com\/tr\/wp-json\/wp\/v2\/types\/page"}],"author":[{"embeddable":true,"href":"https:\/\/ontoretail.com\/tr\/wp-json\/wp\/v2\/users\/1"}],"replies":[{"embeddable":true,"href":"https:\/\/ontoretail.com\/tr\/wp-json\/wp\/v2\/comments?post=10772"}],"version-history":[{"count":0,"href":"https:\/\/ontoretail.com\/tr\/wp-json\/wp\/v2\/pages\/10772\/revisions"}],"wp:attachment":[{"href":"https:\/\/ontoretail.com\/tr\/wp-json\/wp\/v2\/media?parent=10772"}],"curies":[{"name":"wp","href":"https:\/\/api.w.org\/{rel}","templated":true}]}}