{"id":12585,"date":"2025-05-09T07:57:07","date_gmt":"2025-05-09T07:57:07","guid":{"rendered":"https:\/\/ontoretail.com\/?page_id=12585"},"modified":"2025-09-12T12:22:59","modified_gmt":"2025-09-12T12:22:59","slug":"blog","status":"publish","type":"page","link":"https:\/\/ontoretail.com\/tr\/blog\/","title":{"rendered":"Blog"},"content":{"rendered":"<div data-elementor-type=\"wp-page\" data-elementor-id=\"12585\" class=\"elementor elementor-12585\" data-elementor-post-type=\"page\">\n\t\t\t\t<div class=\"elementor-element elementor-element-7e64afd e-flex e-con-boxed e-con e-parent\" data-id=\"7e64afd\" data-element_type=\"container\" data-e-type=\"container\">\t\t\t<div class=\"e-con-inner\">\r\n\t\t\t\t<div class=\"elementor-element elementor-element-2c0b3dd elementor-invisible pxl-elementor-animate elementor-widget elementor-widget-pxl_heading\" data-id=\"2c0b3dd\" data-element_type=\"widget\" data-e-type=\"widget\" data-settings=\"{&quot;_animation&quot;:&quot;fadeInDown&quot;}\" data-widget_type=\"pxl_heading.default\">\n\t\t\t\t<div class=\"elementor-widget-container\">\n\t\t\t\t\t<div class=\"pxl-heading-wrap d-flex\">\n    <div class=\"pxl-heading-inner start\">\n                <h1 class=\"heading-title\">\n            Blog        <\/h1>\n            <\/div>\n<\/div>\n\n\t\t\t\t<\/div>\n\t\t\t\t<\/div>\n\t\t\t\t<div class=\"elementor-element elementor-element-b268d16 pxl-wg-bd-anm-no elementor-widget elementor-widget-text-editor\" data-id=\"b268d16\" data-element_type=\"widget\" data-e-type=\"widget\" data-widget_type=\"text-editor.default\">\n\t\t\t\t<div class=\"elementor-widget-container\">\n\t\t\t\t\t\t\t\t\t<p class=\"translation-block\">Perakende tasar\u0131m\u0131, ma\u011faza konseptleri ve markan\u0131za \u00f6zel te\u015fhir <br>\u00e7\u00f6z\u00fcmleri \u00fczerine uzman i\u00e7erikler i\u00e7in ONTO\u2019nun blogunu ke\u015ffedin.<\/p>\t\t\t\t\t\t\t\t<\/div>\n\t\t\t\t<\/div>\n\t\t\t\t<div class=\"elementor-element elementor-element-456aae2 pxl-wg-bd-anm-no elementor-widget elementor-widget-pxl_divider\" data-id=\"456aae2\" data-element_type=\"widget\" data-e-type=\"widget\" data-widget_type=\"pxl_divider.default\">\n\t\t\t\t<div class=\"elementor-widget-container\">\n\t\t\t\t\t<div class=\"pxl-divider horizontal animated normal\"><div class=\"pxl-divider-separator\"><\/div><\/div>\t\t\t\t<\/div>\n\t\t\t\t<\/div>\n\t\t\t\t<div class=\"elementor-element elementor-element-8b87b9c pxl-post-layout-post-2 pxl-wg-bd-anm-no elementor-widget elementor-widget-pxl_post_grid\" data-id=\"8b87b9c\" data-element_type=\"widget\" data-e-type=\"widget\" data-widget_type=\"pxl_post_grid.default\">\n\t\t\t\t<div class=\"elementor-widget-container\">\n\t\t\t\t\t\r\n<div id=\"pxl_post_grid-8b87b9c-2744\" class=\"pxl-grid pxl-post-grid layout-post-2\" data-layout-mode=\"fitRows\" data-start-page=\"1\" data-max-pages=\"3\" data-total=\"14\" data-perpage=\"6\" data-next-link=\"https:\/\/ontoretail.com\/tr\/wp-json\/wp\/v2\/pages\/12585\/page\/2\/\">\r\n    <div class=\"pxl-grid-overlay\"><\/div>\r\n    \r\n    <div class=\"pxl-grid-inner pxl-grid-masonry row relative overflow-hidden animation-time\"> \r\n                <div class=\"grid-item col-xxl-4 col-xl-4 col-lg-4 col-md-6 col-sm-6 col-12\" >\r\n            <div class=\"item-inner-wrap relative\">\r\n                                    <div class=\"item-featured\">\r\n                        <a href=\"https:\/\/ontoretail.com\/tr\/modular-store-furniture-for-flexible-and-future-ready-retail-spaces\/\"><img loading=\"lazy\" decoding=\"async\" class=\"no-lazyload\" src=\"https:\/\/ontoretail.com\/wp-content\/uploads\/Modular-Store-Furniture-_001-470x678.webp\" width=\"470\" height=\"678\" alt=\"Mod\u00fcler Ma\u011faza Mobilyalar\u0131 _001\" title=\"Mod\u00fcler Ma\u011faza Mobilyalar\u0131 _001\" \/><\/a>\r\n                    <\/div>\r\n                                <div class=\"item-content pxl-absoluted\">\r\n                    <div class=\"content-inner\">\r\n                                                    <div class=\"item-post-meta\">\r\n                                <div class=\"meta-inner d-flex align-items-end\">\r\n                                    <span class=\"number col-auto\">01\/<\/span>\r\n                                                                                                                <span class=\"post-date meta-item col-auto\">14 Nisan<\/span>\r\n                                                                                                                <span class=\"post-category meta-item col-auto\"><a href=\"https:\/\/ontoretail.com\/tr\/category\/blog\/\" rel=\"tag\">Blog<\/a><\/span>\r\n                                                                    <\/div>\r\n                            <\/div>\r\n                                                <h3 class=\"item-title\"><a href=\"https:\/\/ontoretail.com\/tr\/modular-store-furniture-for-flexible-and-future-ready-retail-spaces\/\">Esnek ve Gelece\u011fe Haz\u0131r Perakende Alanlar\u0131 \u0130\u00e7in Mod\u00fcler Ma\u011faza Mobilyalar\u0131<\/a><\/h3>\r\n                                                    <div class=\"item-excerpt\">\r\n                                Modular Store Furniture for Flexible and Future Ready Retail Spaces Retail environments are evolving rapidly as consumer expectations, product cycles, and store concepts continue to&hellip; \r\n                            <\/div>\r\n                                            <\/div>\r\n                                            <div class=\"item-readmore\">\r\n                            <a class=\"pxl-readmore-round-arrow-small\" href=\"https:\/\/ontoretail.com\/tr\/modular-store-furniture-for-flexible-and-future-ready-retail-spaces\/\">\r\n                                <span class=\"pxl-icon pxli pxli-next1\"><\/span>\r\n                            <\/a>\r\n                        <\/div>\r\n                                    <\/div>\r\n            <\/div>\r\n        <\/div>\r\n            <div class=\"grid-item col-xxl-4 col-xl-4 col-lg-4 col-md-6 col-sm-6 col-12\" >\r\n            <div class=\"item-inner-wrap relative\">\r\n                                    <div class=\"item-featured\">\r\n                        <a href=\"https:\/\/ontoretail.com\/tr\/boutique-store-design-creating-meaningful-and-distinct-retail-experiences\/\"><img loading=\"lazy\" decoding=\"async\" class=\"no-lazyload\" src=\"https:\/\/ontoretail.com\/wp-content\/uploads\/Boutique-Store-Design_003_11zon-470x678.webp\" width=\"470\" height=\"678\" alt=\"Boutique-Store-Design_003_11zon\" title=\"Boutique-Store-Design_003_11zon\" \/><\/a>\r\n                    <\/div>\r\n                                <div class=\"item-content pxl-absoluted\">\r\n                    <div class=\"content-inner\">\r\n                                                    <div class=\"item-post-meta\">\r\n                                <div class=\"meta-inner d-flex align-items-end\">\r\n                                    <span class=\"number col-auto\">02\/<\/span>\r\n                                                                                                                <span class=\"post-date meta-item col-auto\">12 Mart<\/span>\r\n                                                                                                                <span class=\"post-category meta-item col-auto\"><a href=\"https:\/\/ontoretail.com\/tr\/category\/blog\/\" rel=\"tag\">Blog<\/a><\/span>\r\n                                                                    <\/div>\r\n                            <\/div>\r\n                                                <h3 class=\"item-title\"><a href=\"https:\/\/ontoretail.com\/tr\/boutique-store-design-creating-meaningful-and-distinct-retail-experiences\/\">Butik Ma\u011faza Tasar\u0131m\u0131: Anlaml\u0131 ve Farkl\u0131 Perakende Deneyimleri Yaratmak<\/a><\/h3>\r\n                                                    <div class=\"item-excerpt\">\r\n                                Boutique Store Design: Creating Meaningful and Distinct Retail Experiences In an increasingly competitive retail landscape, consumers no longer visit physical stores solely to purchase products.&hellip; \r\n                            <\/div>\r\n                                            <\/div>\r\n                                            <div class=\"item-readmore\">\r\n                            <a class=\"pxl-readmore-round-arrow-small\" href=\"https:\/\/ontoretail.com\/tr\/boutique-store-design-creating-meaningful-and-distinct-retail-experiences\/\">\r\n                                <span class=\"pxl-icon pxli pxli-next1\"><\/span>\r\n                            <\/a>\r\n                        <\/div>\r\n                                    <\/div>\r\n            <\/div>\r\n        <\/div>\r\n            <div class=\"grid-item col-xxl-4 col-xl-4 col-lg-4 col-md-6 col-sm-6 col-12\" >\r\n            <div class=\"item-inner-wrap relative\">\r\n                                    <div class=\"item-featured\">\r\n                        <a href=\"https:\/\/ontoretail.com\/tr\/retail-store-design-for-strong-in-store-experiences\/\"><img loading=\"lazy\" decoding=\"async\" class=\"no-lazyload\" src=\"https:\/\/ontoretail.com\/wp-content\/uploads\/Retail-Store-Design-for-Strong-In\u2011Store-Experiences_002-470x678.webp\" width=\"470\" height=\"678\" alt=\"G\u00fc\u00e7l\u00fc Ma\u011faza \u0130\u00e7i Deneyimler i\u00e7in Perakende Ma\u011faza Tasar\u0131m\u0131_002\" title=\"G\u00fc\u00e7l\u00fc Ma\u011faza \u0130\u00e7i Deneyimler i\u00e7in Perakende Ma\u011faza Tasar\u0131m\u0131_002\" \/><\/a>\r\n                    <\/div>\r\n                                <div class=\"item-content pxl-absoluted\">\r\n                    <div class=\"content-inner\">\r\n                                                    <div class=\"item-post-meta\">\r\n                                <div class=\"meta-inner d-flex align-items-end\">\r\n                                    <span class=\"number col-auto\">04\/<\/span>\r\n                                                                                                                <span class=\"post-date meta-item col-auto\">10 \u015eub<\/span>\r\n                                                                                                                <span class=\"post-category meta-item col-auto\"><a href=\"https:\/\/ontoretail.com\/tr\/category\/blog\/\" rel=\"tag\">Blog<\/a><\/span>\r\n                                                                    <\/div>\r\n                            <\/div>\r\n                                                <h3 class=\"item-title\"><a href=\"https:\/\/ontoretail.com\/tr\/retail-store-design-for-strong-in-store-experiences\/\">G\u00fc\u00e7l\u00fc Ma\u011faza \u0130\u00e7i Deneyimler i\u00e7in Perakende Ma\u011faza Tasar\u0131m\u0131<\/a><\/h3>\r\n                                                    <div class=\"item-excerpt\">\r\n                                Retail Store Design for Strong In\u2011Store Experiences As competition in the retail sector continues to intensify, physical stores have evolved beyond simple points of sale&hellip; \r\n                            <\/div>\r\n                                            <\/div>\r\n                                            <div class=\"item-readmore\">\r\n                            <a class=\"pxl-readmore-round-arrow-small\" href=\"https:\/\/ontoretail.com\/tr\/retail-store-design-for-strong-in-store-experiences\/\">\r\n                                <span class=\"pxl-icon pxli pxli-next1\"><\/span>\r\n                            <\/a>\r\n                        <\/div>\r\n                                    <\/div>\r\n            <\/div>\r\n        <\/div>\r\n            <div class=\"grid-item col-xxl-4 col-xl-4 col-lg-4 col-md-6 col-sm-6 col-12\" >\r\n            <div class=\"item-inner-wrap relative\">\r\n                                    <div class=\"item-featured\">\r\n                        <a href=\"https:\/\/ontoretail.com\/tr\/boutique-design-creating-retail-experiences\/\"><img loading=\"lazy\" decoding=\"async\" class=\"no-lazyload\" src=\"https:\/\/ontoretail.com\/wp-content\/uploads\/Boutique-design_01-scaled-470x678.webp\" width=\"470\" height=\"678\" alt=\"Butik tasar\u0131m_01\" title=\"Butik tasar\u0131m_01\" \/><\/a>\r\n                    <\/div>\r\n                                <div class=\"item-content pxl-absoluted\">\r\n                    <div class=\"content-inner\">\r\n                                                    <div class=\"item-post-meta\">\r\n                                <div class=\"meta-inner d-flex align-items-end\">\r\n                                    <span class=\"number col-auto\">07\/<\/span>\r\n                                                                                                                <span class=\"post-date meta-item col-auto\">06 Oca<\/span>\r\n                                                                                                                <span class=\"post-category meta-item col-auto\"><a href=\"https:\/\/ontoretail.com\/tr\/category\/blog\/\" rel=\"tag\">Blog<\/a><\/span>\r\n                                                                    <\/div>\r\n                            <\/div>\r\n                                                <h3 class=\"item-title\"><a href=\"https:\/\/ontoretail.com\/tr\/boutique-design-creating-retail-experiences\/\">Karakter Odakl\u0131 Perakende Deneyimleri Yaratan Butik Tasar\u0131m<\/a><\/h3>\r\n                                                    <div class=\"item-excerpt\">\r\n                                Boutique Design Creating Character Driven Retail Experiences In an increasingly competitive retail world, customers no longer visit stores only to purchase products. They seek inspiration,&hellip; \r\n                            <\/div>\r\n                                            <\/div>\r\n                                            <div class=\"item-readmore\">\r\n                            <a class=\"pxl-readmore-round-arrow-small\" href=\"https:\/\/ontoretail.com\/tr\/boutique-design-creating-retail-experiences\/\">\r\n                                <span class=\"pxl-icon pxli pxli-next1\"><\/span>\r\n                            <\/a>\r\n                        <\/div>\r\n                                    <\/div>\r\n            <\/div>\r\n        <\/div>\r\n            <div class=\"grid-item col-xxl-4 col-xl-4 col-lg-4 col-md-6 col-sm-6 col-12\" >\r\n            <div class=\"item-inner-wrap relative\">\r\n                                    <div class=\"item-featured\">\r\n                        <a href=\"https:\/\/ontoretail.com\/tr\/store-design-creating-meaningful-retail-experiences\/\"><img loading=\"lazy\" decoding=\"async\" class=\"no-lazyload\" src=\"https:\/\/ontoretail.com\/wp-content\/uploads\/store_design_001-scaled-470x678.webp\" width=\"470\" height=\"678\" alt=\"store_design_001\" title=\"store_design_001\" \/><\/a>\r\n                    <\/div>\r\n                                <div class=\"item-content pxl-absoluted\">\r\n                    <div class=\"content-inner\">\r\n                                                    <div class=\"item-post-meta\">\r\n                                <div class=\"meta-inner d-flex align-items-end\">\r\n                                    <span class=\"number col-auto\">11\/<\/span>\r\n                                                                                                                <span class=\"post-date meta-item col-auto\">16 Ara<\/span>\r\n                                                                                                                <span class=\"post-category meta-item col-auto\"><a href=\"https:\/\/ontoretail.com\/tr\/category\/blog\/\" rel=\"tag\">Blog<\/a><\/span>\r\n                                                                    <\/div>\r\n                            <\/div>\r\n                                                <h3 class=\"item-title\"><a href=\"https:\/\/ontoretail.com\/tr\/store-design-creating-meaningful-retail-experiences\/\">Ma\u011faza Tasar\u0131m\u0131 Anlaml\u0131 Perakende Deneyimleri Yaratmak<\/a><\/h3>\r\n                                                    <div class=\"item-excerpt\">\r\n                                Ma\u011faza tasar\u0131m\u0131, i\u015flevsel, ilgi \u00e7ekici ve marka odakl\u0131 alanlar yaratmak i\u00e7in yerle\u015fim d\u00fczeni, malzemeler ve ayd\u0131nlatmay\u0131 birle\u015ftirerek perakende deneyimlerini \u015fekillendirir. \r\n                            <\/div>\r\n                                            <\/div>\r\n                                            <div class=\"item-readmore\">\r\n                            <a class=\"pxl-readmore-round-arrow-small\" href=\"https:\/\/ontoretail.com\/tr\/store-design-creating-meaningful-retail-experiences\/\">\r\n                                <span class=\"pxl-icon pxli pxli-next1\"><\/span>\r\n                            <\/a>\r\n                        <\/div>\r\n                                    <\/div>\r\n            <\/div>\r\n        <\/div>\r\n            <div class=\"grid-item col-xxl-4 col-xl-4 col-lg-4 col-md-6 col-sm-6 col-12\" >\r\n            <div class=\"item-inner-wrap relative\">\r\n                                    <div class=\"item-featured\">\r\n                        <a href=\"https:\/\/ontoretail.com\/tr\/boutique-design-creating-unique-retail-experiences\/\"><img loading=\"lazy\" decoding=\"async\" class=\"no-lazyload\" src=\"https:\/\/ontoretail.com\/wp-content\/uploads\/Boutique-Design_001_11zon-470x678.webp\" width=\"470\" height=\"678\" alt=\"Butik Tasar\u0131m_001_11zon\" title=\"Butik Tasar\u0131m_001_11zon\" \/><\/a>\r\n                    <\/div>\r\n                                <div class=\"item-content pxl-absoluted\">\r\n                    <div class=\"content-inner\">\r\n                                                    <div class=\"item-post-meta\">\r\n                                <div class=\"meta-inner d-flex align-items-end\">\r\n                                    <span class=\"number col-auto\">16\/<\/span>\r\n                                                                                                                <span class=\"post-date meta-item col-auto\">03 Ara<\/span>\r\n                                                                                                                <span class=\"post-category meta-item col-auto\"><a href=\"https:\/\/ontoretail.com\/tr\/category\/blog\/\" rel=\"tag\">Blog<\/a><\/span>\r\n                                                                    <\/div>\r\n                            <\/div>\r\n                                                <h3 class=\"item-title\"><a href=\"https:\/\/ontoretail.com\/tr\/boutique-design-creating-unique-retail-experiences\/\">Karakter ve Detaylarla Benzersiz Perakende Deneyimleri Yaratan Butik Tasar\u0131m<\/a><\/h3>\r\n                                                    <div class=\"item-excerpt\">\r\n                                Boutique Design Creating Unique Retail Experiences Through Character and Detail In the world of modern retail, one concept stands out for its ability to connect&hellip; \r\n                            <\/div>\r\n                                            <\/div>\r\n                                            <div class=\"item-readmore\">\r\n                            <a class=\"pxl-readmore-round-arrow-small\" href=\"https:\/\/ontoretail.com\/tr\/boutique-design-creating-unique-retail-experiences\/\">\r\n                                <span class=\"pxl-icon pxli pxli-next1\"><\/span>\r\n                            <\/a>\r\n                        <\/div>\r\n                                    <\/div>\r\n            <\/div>\r\n        <\/div>\r\n        <\/div>\r\n    \r\n\r\n        <\/div>\t\t\t\t<\/div>\n\t\t\t\t<\/div>\n\t\t\t\t\t<\/div>\r\n\t\t\t\t<\/div>\r\n\t\t        <section class=\"elementor-section elementor-top-section elementor-element elementor-element-dee76fd pxl-section-overflow-hidden-yes elementor-section-boxed elementor-section-height-default elementor-section-height-default pxl-section-line-left-no pxl-section-line-right-no pxl-section-static-pos-no\" data-id=\"dee76fd\" data-element_type=\"section\" data-e-type=\"section\">\n\n        <div class=\"pxl-section-bg-parallax\" data-parallax=\"{&quot;y&quot;:-100}\"><\/div>        \n                <div class=\"elementor-container elementor-column-gap-default\">\n                <div class=\"elementor-column elementor-col-100 elementor-top-column elementor-element elementor-element-45fb3a7 pxl-column-element-default pxl-column-overflow-hidden-no\" data-id=\"45fb3a7\" data-element_type=\"column\" data-e-type=\"column\">\r\n        <div class=\"elementor-widget-wrap elementor-element-populated\">\r\n                     \r\n        \t\t<div class=\"elementor-element elementor-element-41906f7 pxl-wg-bd-anm-no elementor-widget elementor-widget-pxl_heading\" data-id=\"41906f7\" data-element_type=\"widget\" data-e-type=\"widget\" data-widget_type=\"pxl_heading.default\">\n\t\t\t\t<div class=\"elementor-widget-container\">\n\t\t\t\t\t<div class=\"pxl-heading-wrap d-flex\">\n    <div class=\"pxl-heading-inner center\">\n                <h2 class=\"heading-title pxl-split-text split-in-up\">\n            Ma\u011faza deneyiminizi geli\u015ftirmek mi istiyorsunuz?<br><span class=\"text-primary\">Gelin bunu birlikte yapal\u0131m.<\/span><br \/>\n        <\/h2>\n            <\/div>\n<\/div>\n\n\t\t\t\t<\/div>\n\t\t\t\t<\/div>\n\t\t\t\t<div class=\"elementor-element elementor-element-261f16c elementor-align-center pxl-wg-bd-anm-no elementor-invisible pxl-elementor-animate elementor-widget elementor-widget-pxl_button\" data-id=\"261f16c\" data-element_type=\"widget\" data-e-type=\"widget\" data-settings=\"{&quot;_animation&quot;:&quot;fadeInUp&quot;}\" data-widget_type=\"pxl_button.default\">\n\t\t\t\t<div class=\"elementor-widget-container\">\n\t\t\t\t\t<div id=\"pxl_button-261f16c-7919\" class=\"pxl-button-wrapper d-flex-wrap pxl-button-layout1\" >\r\n            <a href=\"https:\/\/ontoretail.com\/tr\/iletisim\/\" class=\"pxl-btn outline-under draw icon-ps-right\">\r\n             \r\n                <span class=\"draw-top-right\"><\/span>\r\n                <span class=\"draw-bottom-left\"><\/span>\r\n                                    <span class=\"pxl-button-text\">\u0130LET\u0130\u015e\u0130M<\/span>\r\n                    <\/a>\r\n    <\/div>\t\t\t\t<\/div>\n\t\t\t\t<\/div>\n\t\t\t\t<div class=\"elementor-element elementor-element-506cb86 pxl-wg-bd-anm-no elementor-widget elementor-widget-pxl_title_effect\" data-id=\"506cb86\" data-element_type=\"widget\" data-e-type=\"widget\" data-widget_type=\"pxl_title_effect.default\">\n\t\t\t\t<div class=\"elementor-widget-container\">\n\t\t\t\t\t\t<div class=\"pxl-title-effect scroll-parallax pxl-type-color\">\n\t\t<div class=\"pxl-title-inner-wrap\">\n\t\t\t<div class=\"pxl-title-inner\">\n\t\t\t\t<div class=\"pxl-item-title\" data-parallax=\"{&quot;x&quot;:500}\" data-center=\"true\">Bize Ula\u015f\u0131n<\/div>\n\t\t\t\t\t\t\t<\/div>\n\t\t<\/div>\n\t<\/div> \n\t\t\t\t<\/div>\n\t\t\t\t<\/div>\n\t\t            <\/div>\r\n        <\/div>\r\n        \t\t\t<\/div>\n\t\t<\/section>\n\t\t\t\t<\/div>","protected":false},"excerpt":{"rendered":"<p>Blog Explore ONTO\u2019s blog for expert insights on retail design, store concepts, and display solutions that elevate branded shopping environments. 01\/ 12 Eyl Blog Store Production The Backbone of Retail Success Store production shapes the retail experience through design, materials, and technology, creating functional and brand-focused spaces for lasting success. 02\/ 05 Eyl Blog Retail [&hellip;]<\/p>\n","protected":false},"author":1,"featured_media":0,"parent":0,"menu_order":0,"comment_status":"closed","ping_status":"closed","template":"elementor_header_footer","meta":{"footnotes":""},"class_list":["post-12585","page","type-page","status-publish","hentry"],"_links":{"self":[{"href":"https:\/\/ontoretail.com\/tr\/wp-json\/wp\/v2\/pages\/12585","targetHints":{"allow":["GET"]}}],"collection":[{"href":"https:\/\/ontoretail.com\/tr\/wp-json\/wp\/v2\/pages"}],"about":[{"href":"https:\/\/ontoretail.com\/tr\/wp-json\/wp\/v2\/types\/page"}],"author":[{"embeddable":true,"href":"https:\/\/ontoretail.com\/tr\/wp-json\/wp\/v2\/users\/1"}],"replies":[{"embeddable":true,"href":"https:\/\/ontoretail.com\/tr\/wp-json\/wp\/v2\/comments?post=12585"}],"version-history":[{"count":0,"href":"https:\/\/ontoretail.com\/tr\/wp-json\/wp\/v2\/pages\/12585\/revisions"}],"wp:attachment":[{"href":"https:\/\/ontoretail.com\/tr\/wp-json\/wp\/v2\/media?parent=12585"}],"curies":[{"name":"wp","href":"https:\/\/api.w.org\/{rel}","templated":true}]}}