{"id":13144,"date":"2025-11-04T07:37:57","date_gmt":"2025-11-04T07:37:57","guid":{"rendered":"https:\/\/ontoretail.com\/?page_id=13144"},"modified":"2025-11-04T07:41:20","modified_gmt":"2025-11-04T07:41:20","slug":"musteri-memnuniyet-anketi-uzerine","status":"publish","type":"page","link":"https:\/\/ontoretail.com\/tr\/musteri-memnuniyet-anketi-onto\/","title":{"rendered":"M\u00dc\u015eTER\u0130 MEMNUN\u0130YET ANKET\u0130 &#8211; ONTO"},"content":{"rendered":"\t\t<div data-elementor-type=\"wp-page\" data-elementor-id=\"13144\" class=\"elementor elementor-13144\" data-elementor-post-type=\"page\">\n\t\t\t\t<div class=\"elementor-element elementor-element-d28c8a7 e-flex e-con-boxed e-con e-parent \" data-id=\"d28c8a7\" data-element_type=\"container\" data-e-type=\"container\">\t\t\t<div class=\"e-con-inner\">\r\n\t\t\t\t<div class=\"elementor-element elementor-element-6ae5128 pxl-wg-bd-anm-no elementor-widget elementor-widget-image\" data-id=\"6ae5128\" data-element_type=\"widget\" data-e-type=\"widget\" data-widget_type=\"image.default\">\n\t\t\t\t<div class=\"elementor-widget-container\">\n\t\t\t\t\t\t\t\t\t\t\t\t\t\t\t<img decoding=\"async\" src=\"https:\/\/ontoretail.com\/wp-content\/plugins\/elementor\/assets\/images\/placeholder.png\" title=\"\" alt=\"\" loading=\"lazy\" \/>\t\t\t\t\t\t\t\t\t\t\t\t\t\t\t<\/div>\n\t\t\t\t<\/div>\n\t\t\t\t\t<\/div>\r\n\t\t\t\t<\/div>\r\n\t\t<div class=\"elementor-element elementor-element-a297ada e-flex e-con-boxed e-con e-parent \" data-id=\"a297ada\" data-element_type=\"container\" data-e-type=\"container\">\t\t\t<div class=\"e-con-inner\">\r\n\t\t\t\t<div class=\"elementor-element elementor-element-35b257e pxl-wg-bd-anm-no elementor-widget elementor-widget-html\" data-id=\"35b257e\" data-element_type=\"widget\" data-e-type=\"widget\" data-widget_type=\"html.default\">\n\t\t\t\t<div class=\"elementor-widget-container\">\n\t\t\t\t\t\n<iframe\n      id=\"JotFormIFrame-252652196394970\"\n      title=\"M\u00dc\u015eTER\u0130 MEMNUN\u0130YET ANKET\u0130 - ONTO\"\n      onload=\"window.parent.scrollTo(0,0)\"\n      allowtransparency=\"true\"\n      allow=\"geolocation; microphone; camera; fullscreen; payment\"\n      src=\"https:\/\/form.jotform.com\/252652196394970\"\n      frameborder=\"0\"\n      style=\"min-width:100%;max-width:100%;height:539px;border:none;\"\n      scrolling=\"no\"\n>\n<\/iframe>\n<script src='https:\/\/cdn.jotfor.ms\/s\/umd\/latest\/for-form-embed-handler.js'><\/script>\n<script>window.jotformEmbedHandler(\"iframe[id='JotFormIFrame-252652196394970']\", \"https:\/\/form.jotform.com\/\")<\/script>\t\t\t\t<\/div>\n\t\t\t\t<\/div>\n\t\t\t\t\t<\/div>\r\n\t\t\t\t<\/div>\r\n\t\t\t\t<\/div>\n\t\t","protected":false},"excerpt":{"rendered":"","protected":false},"author":1,"featured_media":0,"parent":0,"menu_order":0,"comment_status":"closed","ping_status":"closed","template":"","meta":{"footnotes":""},"class_list":["post-13144","page","type-page","status-publish","hentry"],"_links":{"self":[{"href":"https:\/\/ontoretail.com\/tr\/wp-json\/wp\/v2\/pages\/13144","targetHints":{"allow":["GET"]}}],"collection":[{"href":"https:\/\/ontoretail.com\/tr\/wp-json\/wp\/v2\/pages"}],"about":[{"href":"https:\/\/ontoretail.com\/tr\/wp-json\/wp\/v2\/types\/page"}],"author":[{"embeddable":true,"href":"https:\/\/ontoretail.com\/tr\/wp-json\/wp\/v2\/users\/1"}],"replies":[{"embeddable":true,"href":"https:\/\/ontoretail.com\/tr\/wp-json\/wp\/v2\/comments?post=13144"}],"version-history":[{"count":0,"href":"https:\/\/ontoretail.com\/tr\/wp-json\/wp\/v2\/pages\/13144\/revisions"}],"wp:attachment":[{"href":"https:\/\/ontoretail.com\/tr\/wp-json\/wp\/v2\/media?parent=13144"}],"curies":[{"name":"wp","href":"https:\/\/api.w.org\/{rel}","templated":true}]}}