{"id":6267,"date":"2022-11-29T02:28:04","date_gmt":"2022-11-29T01:28:04","guid":{"rendered":"https:\/\/demo.casethemes.net\/adsett\/?page_id=6267"},"modified":"2025-07-29T12:47:33","modified_gmt":"2025-07-29T12:47:33","slug":"haberler","status":"publish","type":"page","link":"https:\/\/ontoretail.com\/tr\/news\/","title":{"rendered":"Haberler"},"content":{"rendered":"<div data-elementor-type=\"wp-page\" data-elementor-id=\"6267\" class=\"elementor elementor-6267\" data-elementor-post-type=\"page\">\n\t\t\t\t<div class=\"elementor-element elementor-element-2e488c6 e-flex e-con-boxed e-con e-parent\" data-id=\"2e488c6\" data-element_type=\"container\" data-e-type=\"container\">\t\t\t<div class=\"e-con-inner\">\r\n\t\t\t\t<div class=\"elementor-element elementor-element-e43f879 elementor-invisible pxl-elementor-animate elementor-widget elementor-widget-pxl_heading\" data-id=\"e43f879\" data-element_type=\"widget\" data-e-type=\"widget\" data-settings=\"{&quot;_animation&quot;:&quot;fadeInDown&quot;}\" data-widget_type=\"pxl_heading.default\">\n\t\t\t\t<div class=\"elementor-widget-container\">\n\t\t\t\t\t<div class=\"pxl-heading-wrap d-flex\">\n    <div class=\"pxl-heading-inner start\">\n                    <div class=\"heading-subtitle\">\n                <span>Medyada \u00d6ne \u00c7\u0131kanlar<\/span>\n            <\/div>\n                <h1 class=\"heading-title\">\n            Haberler        <\/h1>\n            <\/div>\n<\/div>\n\n\t\t\t\t<\/div>\n\t\t\t\t<\/div>\n\t\t\t\t<div class=\"elementor-element elementor-element-5a1818e post-layout-post-1 pxl-wg-bd-anm-no elementor-widget elementor-widget-pxl_post_carousel\" data-id=\"5a1818e\" data-element_type=\"widget\" data-e-type=\"widget\" data-widget_type=\"pxl_post_carousel.default\">\n\t\t\t\t<div class=\"elementor-widget-container\">\n\t\t\t\t\t\r\n<div class=\"pxl-swiper-slider pxl-post-carousel layout-post-1 center-mode-false\">\r\n         \r\n    <div class=\"pxl-swiper-slider-wrap pxl-carousel-inner overflow-hidden\">\r\n        <div class=\"pxl-swiper-container none-drag-area\" dir=\"ltr\" data-settings=\"{&quot;slide_direction&quot;:&quot;horizontal&quot;,&quot;slide_percolumn&quot;:&quot;1&quot;,&quot;slide_mode&quot;:&quot;slide&quot;,&quot;slides_to_show_xxl&quot;:&quot;3&quot;,&quot;slides_to_show&quot;:&quot;3&quot;,&quot;slides_to_show_lg&quot;:&quot;3&quot;,&quot;slides_to_show_md&quot;:&quot;2&quot;,&quot;slides_to_show_sm&quot;:&quot;2&quot;,&quot;slides_to_show_xs&quot;:&quot;1&quot;,&quot;slides_to_scroll&quot;:&quot;1&quot;,&quot;slides_gutter&quot;:30,&quot;center_slide&quot;:&quot;false&quot;,&quot;arrow&quot;:&quot;true&quot;,&quot;dots&quot;:&quot;true&quot;,&quot;dots_style&quot;:&quot;bullets&quot;,&quot;autoplay&quot;:&quot;false&quot;,&quot;pause_on_hover&quot;:&quot;true&quot;,&quot;pause_on_interaction&quot;:&quot;true&quot;,&quot;delay&quot;:5000,&quot;loop&quot;:&quot;false&quot;,&quot;speed&quot;:500}\">\r\n            <div class=\"pxl-swiper-wrapper swiper-wrapper\">\r\n                                    <div class=\"pxl-swiper-slide swiper-slide\" data-filter=\"\">\r\n                        <div class=\"item-inner-wrap relative\">\r\n                                                            <div class=\"item-featured relative\">\r\n                                    <img loading=\"lazy\" decoding=\"async\" width=\"1000\" height=\"600\" src=\"https:\/\/ontoretail.com\/wp-content\/uploads\/ONTO-Retail-Solutions-Showcased-Its-Brand-on-the-Global-Stage-at-EuroShop-2026_11zon.webp\" class=\"no-lazyload attachment-full\" alt=\"\" \/>                                    <div class=\"pxl-overlay\"><\/div>\r\n                                                                            <div class=\"item-readmore\">\r\n                                            <a href=\"https:\/\/ontoretail.com\/tr\/onto-showcased-its-brand-on-the-global-stage-at-euroshop-2026\/\" class=\"pxl-btn outline-above draw in-dark icon-ps-right\">\r\n                                                <span class=\"draw-top-right\"><\/span>\r\n                                                <span class=\"draw-bottom-left\"><\/span>\r\n                                                <span class=\"pxl-button-text\">Daha fazla bilgi edinin<\/span>\r\n                                            <\/a>\r\n                                        <\/div>\r\n                                                                    <\/div>\r\n                                                        <div class=\"item-content relative\">\r\n                                <div class=\"item-content-df\" data-settings=\"{&quot;animation_delay&quot;:50}\">\r\n                                                                            <div class=\"item-post-meta\">\r\n                                            <div class=\"meta-inner d-flex-wrap align-items-center\">\r\n                                                                                                                                                    <span class=\"post-date meta-item col-auto\">02 Mart<\/span>\r\n                                                                                                                                            <\/div>\r\n                                        <\/div>\r\n                                                                        <h4 class=\"item-title\"><a href=\"https:\/\/ontoretail.com\/tr\/onto-showcased-its-brand-on-the-global-stage-at-euroshop-2026\/\">ONTO Markas\u0131n\u0131 EuroShop 2026'da K\u00fcresel Sahnede Sergiledi<\/a><\/h4>\r\n                                <\/div>\r\n                                <div class=\"item-content-hover\">\r\n                                                                            <div class=\"item-post-meta\">\r\n                                            <div class=\"meta-inner d-flex-wrap align-items-center\">\r\n                                                                                                 \r\n                                                    <span class=\"post-date meta-item col-auto\">02 Mart<\/span>\r\n                                                                                                                                            <\/div>\r\n                                        <\/div>\r\n                                                                                                                <div class=\"item-excerpt\">\r\n                                            ONTO Perakende \u00c7\u00f6z\u00fcmleri, Perakende Sekt\u00f6r\u00fcn\u00fcn En Prestijli Bulu\u015fmalar\u0131ndan Biri Olan EuroShop 2026'da Markas\u0131n\u0131 K\u00fcresel Arenada Tan\u0131tt\u0131 EuroShop 2026, perakende sekt\u00f6r\u00fcn\u00fcn en prestijli bulu\u015fmalar\u0131ndan biri... \r\n                                        <\/div>\r\n                                                                    <\/div>\r\n                            <\/div>\r\n                        <\/div>\r\n                    <\/div>\r\n                                    <div class=\"pxl-swiper-slide swiper-slide\" data-filter=\"\">\r\n                        <div class=\"item-inner-wrap relative\">\r\n                                                            <div class=\"item-featured relative\">\r\n                                    <img loading=\"lazy\" decoding=\"async\" width=\"1000\" height=\"600\" src=\"https:\/\/ontoretail.com\/wp-content\/uploads\/Sanayiden-Sanata-Sergisi-onto.webp\" class=\"no-lazyload attachment-full\" alt=\"Sanayiden-Sanata-Sergisi-onto\" \/>                                    <div class=\"pxl-overlay\"><\/div>\r\n                                                                            <div class=\"item-readmore\">\r\n                                            <a href=\"https:\/\/ontoretail.com\/tr\/from-waste-to-design-industry-meets-art\/\" class=\"pxl-btn outline-above draw in-dark icon-ps-right\">\r\n                                                <span class=\"draw-top-right\"><\/span>\r\n                                                <span class=\"draw-bottom-left\"><\/span>\r\n                                                <span class=\"pxl-button-text\">Daha fazla bilgi edinin<\/span>\r\n                                            <\/a>\r\n                                        <\/div>\r\n                                                                    <\/div>\r\n                                                        <div class=\"item-content relative\">\r\n                                <div class=\"item-content-df\" data-settings=\"{&quot;animation_delay&quot;:100}\">\r\n                                                                            <div class=\"item-post-meta\">\r\n                                            <div class=\"meta-inner d-flex-wrap align-items-center\">\r\n                                                                                                                                                    <span class=\"post-date meta-item col-auto\">14 May\u0131s<\/span>\r\n                                                                                                                                            <\/div>\r\n                                        <\/div>\r\n                                                                        <h4 class=\"item-title\"><a href=\"https:\/\/ontoretail.com\/tr\/from-waste-to-design-industry-meets-art\/\">At\u0131ktan Tasar\u0131ma: End\u00fcstri Sanatla Bulu\u015fuyor<\/a><\/h4>\r\n                                <\/div>\r\n                                <div class=\"item-content-hover\">\r\n                                                                            <div class=\"item-post-meta\">\r\n                                            <div class=\"meta-inner d-flex-wrap align-items-center\">\r\n                                                                                                 \r\n                                                    <span class=\"post-date meta-item col-auto\">14 May\u0131s<\/span>\r\n                                                                                                                                            <\/div>\r\n                                        <\/div>\r\n                                                                                                                <div class=\"item-excerpt\">\r\n                                            At\u0131ktan Tasar\u0131ma: Sanayi Sanatla Bulu\u015fuyor Aile \u015eirketleri Derne\u011fi (TA\u0130DER) taraf\u0131ndan ba\u015flat\u0131lan \u201cSanayiden Sanata\u201d projesinin sergisi, ... \r\n                                        <\/div>\r\n                                                                    <\/div>\r\n                            <\/div>\r\n                        <\/div>\r\n                    <\/div>\r\n                                    <div class=\"pxl-swiper-slide swiper-slide\" data-filter=\"\">\r\n                        <div class=\"item-inner-wrap relative\">\r\n                                                            <div class=\"item-featured relative\">\r\n                                    <img loading=\"lazy\" decoding=\"async\" width=\"1000\" height=\"600\" src=\"https:\/\/ontoretail.com\/wp-content\/uploads\/Onto-TAIDERin-Sanayiden-Sanata-Projes.webp\" class=\"no-lazyload attachment-full\" alt=\"Onto TA\u0130DER&#039;in Sanayiden Sanata Projeleri\" \/>                                    <div class=\"pxl-overlay\"><\/div>\r\n                                                                            <div class=\"item-readmore\">\r\n                                            <a href=\"https:\/\/ontoretail.com\/tr\/onto-contributes-to-the-from-industry-to-art-project\/\" class=\"pxl-btn outline-above draw in-dark icon-ps-right\">\r\n                                                <span class=\"draw-top-right\"><\/span>\r\n                                                <span class=\"draw-bottom-left\"><\/span>\r\n                                                <span class=\"pxl-button-text\">Daha fazla bilgi edinin<\/span>\r\n                                            <\/a>\r\n                                        <\/div>\r\n                                                                    <\/div>\r\n                                                        <div class=\"item-content relative\">\r\n                                <div class=\"item-content-df\" data-settings=\"{&quot;animation_delay&quot;:150}\">\r\n                                                                            <div class=\"item-post-meta\">\r\n                                            <div class=\"meta-inner d-flex-wrap align-items-center\">\r\n                                                                                                                                                    <span class=\"post-date meta-item col-auto\">21 Mart<\/span>\r\n                                                                                                                                            <\/div>\r\n                                        <\/div>\r\n                                                                        <h4 class=\"item-title\"><a href=\"https:\/\/ontoretail.com\/tr\/onto-contributes-to-the-from-industry-to-art-project\/\">ONTO \"Sanayiden Sanata\" Projesine Katk\u0131 Sa\u011fl\u0131yor<\/a><\/h4>\r\n                                <\/div>\r\n                                <div class=\"item-content-hover\">\r\n                                                                            <div class=\"item-post-meta\">\r\n                                            <div class=\"meta-inner d-flex-wrap align-items-center\">\r\n                                                                                                 \r\n                                                    <span class=\"post-date meta-item col-auto\">21 Mart<\/span>\r\n                                                                                                                                            <\/div>\r\n                                        <\/div>\r\n                                                                                                                <div class=\"item-excerpt\">\r\n                                            ONTO, \u201cSanata Sanayiden\u201d Projesine Katk\u0131da Bulundu ONTO, TA\u0130DER\u2019in \u201cSanata Sanayiden\u201d projesinde yer alarak, anlaml\u0131 bir i\u015f birli\u011fine imza att\u0131\u2026 \r\n                                        <\/div>\r\n                                                                    <\/div>\r\n                            <\/div>\r\n                        <\/div>\r\n                    <\/div>\r\n                            <\/div>\r\n        <\/div>\r\n    <\/div>\r\n            <div class=\"pxl-swiper-arrows nav-out-vertical arrow-on-hover\">\r\n            <div class=\"pxl-swiper-arrow pxl-swiper-arrow-prev none-cursor-prev\"><span class=\"pxl-icon bi-chevron-left\"><\/span><\/div>\r\n            <div class=\"pxl-swiper-arrow pxl-swiper-arrow-next none-cursor-next\"><span class=\"pxl-icon bi-chevron-right\"><\/span><\/div>\r\n        <\/div>\r\n                <div class=\"pxl-swiper-dots\"><\/div>\r\n      \r\n<\/div>\r\n\t\t\t\t<\/div>\n\t\t\t\t<\/div>\n\t\t\t\t\t<\/div>\r\n\t\t\t\t<\/div>\r\n\t\t        <section class=\"elementor-section elementor-top-section elementor-element elementor-element-547d12b pxl-section-overflow-hidden-yes elementor-section-boxed elementor-section-height-default elementor-section-height-default pxl-section-line-left-no pxl-section-line-right-no pxl-section-static-pos-no\" data-id=\"547d12b\" data-element_type=\"section\" data-e-type=\"section\">\n\n        <div class=\"pxl-section-bg-parallax\" data-parallax=\"{&quot;y&quot;:-100}\"><\/div>        \n                <div class=\"elementor-container elementor-column-gap-default\">\n                <div class=\"elementor-column elementor-col-100 elementor-top-column elementor-element elementor-element-a678c8b pxl-column-element-default pxl-column-overflow-hidden-no\" data-id=\"a678c8b\" data-element_type=\"column\" data-e-type=\"column\">\r\n        <div class=\"elementor-widget-wrap elementor-element-populated\">\r\n                     \r\n        \t\t<div class=\"elementor-element elementor-element-b4f4a08 pxl-wg-bd-anm-no elementor-widget elementor-widget-pxl_heading\" data-id=\"b4f4a08\" data-element_type=\"widget\" data-e-type=\"widget\" data-widget_type=\"pxl_heading.default\">\n\t\t\t\t<div class=\"elementor-widget-container\">\n\t\t\t\t\t<div class=\"pxl-heading-wrap d-flex\">\n    <div class=\"pxl-heading-inner center\">\n                <h2 class=\"heading-title pxl-split-text split-in-up\">\n            Ma\u011faza deneyiminizi geli\u015ftirmek mi istiyorsunuz?<br><span class=\"text-primary\">Gelin bunu birlikte yapal\u0131m.<\/span><br \/>\n        <\/h2>\n            <\/div>\n<\/div>\n\n\t\t\t\t<\/div>\n\t\t\t\t<\/div>\n\t\t\t\t<div class=\"elementor-element elementor-element-778170c elementor-align-center pxl-wg-bd-anm-no elementor-invisible pxl-elementor-animate elementor-widget elementor-widget-pxl_button\" data-id=\"778170c\" data-element_type=\"widget\" data-e-type=\"widget\" data-settings=\"{&quot;_animation&quot;:&quot;fadeInUp&quot;}\" data-widget_type=\"pxl_button.default\">\n\t\t\t\t<div class=\"elementor-widget-container\">\n\t\t\t\t\t<div id=\"pxl_button-778170c-7628\" class=\"pxl-button-wrapper d-flex-wrap pxl-button-layout1\" >\r\n            <a href=\"https:\/\/ontoretail.com\/tr\/iletisim\/\" class=\"pxl-btn outline-under draw icon-ps-right\">\r\n             \r\n                <span class=\"draw-top-right\"><\/span>\r\n                <span class=\"draw-bottom-left\"><\/span>\r\n                                    <span class=\"pxl-button-text\">\u0130LET\u0130\u015e\u0130M<\/span>\r\n                    <\/a>\r\n    <\/div>\t\t\t\t<\/div>\n\t\t\t\t<\/div>\n\t\t\t\t<div class=\"elementor-element elementor-element-387b35f pxl-wg-bd-anm-no elementor-widget elementor-widget-pxl_title_effect\" data-id=\"387b35f\" data-element_type=\"widget\" data-e-type=\"widget\" data-widget_type=\"pxl_title_effect.default\">\n\t\t\t\t<div class=\"elementor-widget-container\">\n\t\t\t\t\t\t<div class=\"pxl-title-effect scroll-parallax pxl-type-color\">\n\t\t<div class=\"pxl-title-inner-wrap\">\n\t\t\t<div class=\"pxl-title-inner\">\n\t\t\t\t<div class=\"pxl-item-title\" data-parallax=\"{&quot;x&quot;:500}\" data-center=\"true\">Bize Ula\u015f\u0131n<\/div>\n\t\t\t\t\t\t\t<\/div>\n\t\t<\/div>\n\t<\/div> \n\t\t\t\t<\/div>\n\t\t\t\t<\/div>\n\t\t            <\/div>\r\n        <\/div>\r\n        \t\t\t<\/div>\n\t\t<\/section>\n\t\t\t\t<\/div>","protected":false},"excerpt":{"rendered":"<p>Media Highlights News Read more 14 May From Waste to Design: Industry Meets Art 14 May Media Highlights News Read more 14 May From Waste to Design: Industry Meets Art 14 May From Waste to Design: Industry Meets Art The exhibition&hellip; Read more 21 Mar ONTO Contributes to the \u201cFrom Industry to Art\u201d Project 21 [&hellip;]<\/p>\n","protected":false},"author":1,"featured_media":0,"parent":0,"menu_order":0,"comment_status":"closed","ping_status":"closed","template":"","meta":{"footnotes":""},"class_list":["post-6267","page","type-page","status-publish","hentry"],"_links":{"self":[{"href":"https:\/\/ontoretail.com\/tr\/wp-json\/wp\/v2\/pages\/6267","targetHints":{"allow":["GET"]}}],"collection":[{"href":"https:\/\/ontoretail.com\/tr\/wp-json\/wp\/v2\/pages"}],"about":[{"href":"https:\/\/ontoretail.com\/tr\/wp-json\/wp\/v2\/types\/page"}],"author":[{"embeddable":true,"href":"https:\/\/ontoretail.com\/tr\/wp-json\/wp\/v2\/users\/1"}],"replies":[{"embeddable":true,"href":"https:\/\/ontoretail.com\/tr\/wp-json\/wp\/v2\/comments?post=6267"}],"version-history":[{"count":0,"href":"https:\/\/ontoretail.com\/tr\/wp-json\/wp\/v2\/pages\/6267\/revisions"}],"wp:attachment":[{"href":"https:\/\/ontoretail.com\/tr\/wp-json\/wp\/v2\/media?parent=6267"}],"curies":[{"name":"wp","href":"https:\/\/api.w.org\/{rel}","templated":true}]}}